{"id":175,"date":"2020-11-11T15:17:09","date_gmt":"2020-11-11T15:17:09","guid":{"rendered":"https:\/\/kluender-nortorf.de\/?page_id=175"},"modified":"2023-07-04T09:30:16","modified_gmt":"2023-07-04T09:30:16","slug":"aktionen","status":"publish","type":"page","link":"https:\/\/kluender-nortorf.de\/?page_id=175","title":{"rendered":"Aktionen aktuell"},"content":{"rendered":"\t\t<div data-elementor-type=\"wp-page\" data-elementor-id=\"175\" class=\"elementor elementor-175\">\n\t\t\t\t\t\t<div class=\"elementor-inner\">\n\t\t\t\t<div class=\"elementor-section-wrap\">\n\t\t\t\t\t\t\t\t\t<section class=\"elementor-section elementor-top-section elementor-element elementor-element-6044310 elementor-section-boxed elementor-section-height-default elementor-section-height-default\" data-id=\"6044310\" data-element_type=\"section\">\n\t\t\t\t\t\t<div class=\"elementor-container elementor-column-gap-default\">\n\t\t\t\t\t\t\t<div class=\"elementor-row\">\n\t\t\t\t\t<div class=\"elementor-column elementor-col-100 elementor-top-column elementor-element elementor-element-305ba47\" data-id=\"305ba47\" data-element_type=\"column\">\n\t\t\t<div class=\"elementor-column-wrap elementor-element-populated\">\n\t\t\t\t\t\t\t<div class=\"elementor-widget-wrap\">\n\t\t\t\t\t\t<div class=\"elementor-element elementor-element-6275fe6 elementor-widget elementor-widget-heading\" data-id=\"6275fe6\" data-element_type=\"widget\" data-widget_type=\"heading.default\">\n\t\t\t\t<div class=\"elementor-widget-container\">\n\t\t\t<h2 class=\"elementor-heading-title elementor-size-default\">Nat\u00fcrliche Produkte nach Dr. h.c. Peter Jentzschura<\/h2>\t\t<\/div>\n\t\t\t\t<\/div>\n\t\t\t\t<div class=\"elementor-element elementor-element-b20771b elementor-widget elementor-widget-text-editor\" data-id=\"b20771b\" data-element_type=\"widget\" data-widget_type=\"text-editor.default\">\n\t\t\t\t<div class=\"elementor-widget-container\">\n\t\t\t\t\t\t\t\t<div class=\"elementor-text-editor elementor-clearfix\">\n\t\t\t\t<p>Die Jentschura International GmbH mit ihrer Dachmarke P.\u00a0Jentschura ist ein mittelst\u00e4ndisches Traditionsunternehmen aus M\u00fcnster (Westfalen) und f\u00fchrender Hersteller basischer K\u00f6rperpflegeprodukte und nat\u00fcrlicher, basischer Lebensmittel.<br \/>Diese Produkte erhalten Sie nun auch bei uns.<\/p>\t\t\t\t\t<\/div>\n\t\t\t\t\t\t<\/div>\n\t\t\t\t<\/div>\n\t\t\t\t\t\t<\/div>\n\t\t\t\t\t<\/div>\n\t\t<\/div>\n\t\t\t\t\t\t\t\t<\/div>\n\t\t\t\t\t<\/div>\n\t\t<\/section>\n\t\t\t\t<section class=\"elementor-section elementor-top-section elementor-element elementor-element-cd88be0 elementor-section-boxed elementor-section-height-default elementor-section-height-default\" data-id=\"cd88be0\" data-element_type=\"section\">\n\t\t\t\t\t\t<div class=\"elementor-container elementor-column-gap-default\">\n\t\t\t\t\t\t\t<div class=\"elementor-row\">\n\t\t\t\t\t<div class=\"elementor-column elementor-col-25 elementor-top-column elementor-element elementor-element-e8a223a\" data-id=\"e8a223a\" data-element_type=\"column\">\n\t\t\t<div class=\"elementor-column-wrap elementor-element-populated\">\n\t\t\t\t\t\t\t<div class=\"elementor-widget-wrap\">\n\t\t\t\t\t\t<div class=\"elementor-element elementor-element-4c6cbf5 elementor-widget elementor-widget-image\" data-id=\"4c6cbf5\" data-element_type=\"widget\" data-widget_type=\"image.default\">\n\t\t\t\t<div class=\"elementor-widget-container\">\n\t\t\t\t\t\t\t\t<div class=\"elementor-image\">\n\t\t\t\t\t\t\t\t\t\t\t\t<img width=\"250\" height=\"239\" src=\"https:\/\/kluender-nortorf.de\/wp-content\/uploads\/2021\/01\/7x7.png\" class=\"attachment-large size-large\" alt=\"\" loading=\"lazy\" \/>\t\t\t\t\t\t\t\t\t\t\t\t\t\t<\/div>\n\t\t\t\t\t\t<\/div>\n\t\t\t\t<\/div>\n\t\t\t\t<div class=\"elementor-element elementor-element-634da3a elementor-widget elementor-widget-spacer\" data-id=\"634da3a\" data-element_type=\"widget\" data-widget_type=\"spacer.default\">\n\t\t\t\t<div class=\"elementor-widget-container\">\n\t\t\t\t\t<div class=\"elementor-spacer\">\n\t\t\t<div class=\"elementor-spacer-inner\"><\/div>\n\t\t<\/div>\n\t\t\t\t<\/div>\n\t\t\t\t<\/div>\n\t\t\t\t<div class=\"elementor-element elementor-element-9719662 elementor-widget elementor-widget-text-editor\" data-id=\"9719662\" data-element_type=\"widget\" data-widget_type=\"text-editor.default\">\n\t\t\t\t<div class=\"elementor-widget-container\">\n\t\t\t\t\t\t\t\t<div class=\"elementor-text-editor elementor-clearfix\">\n\t\t\t\t<ul class=\"list-with-checkmark\"><li data-sr-id=\"1\">einzigartige Rezeptur mit 49 Kr\u00e4utern<\/li><li data-sr-id=\"3\">f\u00fcr die S\u00e4ure-Basen-Balance<\/li><li data-sr-id=\"4\">bew\u00e4hrter Begleiter bei Ents\u00e4uerungs- und Fastenkuren<\/li><li data-sr-id=\"5\">aus kontrolliert biologischem Anbau<\/li><\/ul><p>.<\/p>\t\t\t\t\t<\/div>\n\t\t\t\t\t\t<\/div>\n\t\t\t\t<\/div>\n\t\t\t\t\t\t<\/div>\n\t\t\t\t\t<\/div>\n\t\t<\/div>\n\t\t\t\t<div class=\"elementor-column elementor-col-25 elementor-top-column elementor-element elementor-element-abeee8c\" data-id=\"abeee8c\" data-element_type=\"column\">\n\t\t\t<div class=\"elementor-column-wrap elementor-element-populated\">\n\t\t\t\t\t\t\t<div class=\"elementor-widget-wrap\">\n\t\t\t\t\t\t<div class=\"elementor-element elementor-element-c3d955e elementor-widget elementor-widget-image\" data-id=\"c3d955e\" data-element_type=\"widget\" data-widget_type=\"image.default\">\n\t\t\t\t<div class=\"elementor-widget-container\">\n\t\t\t\t\t\t\t\t<div class=\"elementor-image\">\n\t\t\t\t\t\t\t\t\t\t\t\t<img width=\"580\" height=\"385\" src=\"https:\/\/kluender-nortorf.de\/wp-content\/uploads\/2023\/07\/Nuesse2.png\" class=\"attachment-large size-large\" alt=\"\" loading=\"lazy\" srcset=\"https:\/\/kluender-nortorf.de\/wp-content\/uploads\/2023\/07\/Nuesse2.png 806w, https:\/\/kluender-nortorf.de\/wp-content\/uploads\/2023\/07\/Nuesse2-300x199.png 300w, https:\/\/kluender-nortorf.de\/wp-content\/uploads\/2023\/07\/Nuesse2-768x510.png 768w\" sizes=\"(max-width: 580px) 100vw, 580px\" \/>\t\t\t\t\t\t\t\t\t\t\t\t\t\t<\/div>\n\t\t\t\t\t\t<\/div>\n\t\t\t\t<\/div>\n\t\t\t\t<div class=\"elementor-element elementor-element-7e4ae2b elementor-widget elementor-widget-spacer\" data-id=\"7e4ae2b\" data-element_type=\"widget\" data-widget_type=\"spacer.default\">\n\t\t\t\t<div class=\"elementor-widget-container\">\n\t\t\t\t\t<div class=\"elementor-spacer\">\n\t\t\t<div class=\"elementor-spacer-inner\"><\/div>\n\t\t<\/div>\n\t\t\t\t<\/div>\n\t\t\t\t<\/div>\n\t\t\t\t<div class=\"elementor-element elementor-element-78234cd elementor-headline--style-highlight elementor-widget elementor-widget-animated-headline\" data-id=\"78234cd\" data-element_type=\"widget\" data-settings=\"{&quot;marker&quot;:&quot;double&quot;,&quot;highlighted_text&quot;:&quot;NEU&quot;,&quot;headline_style&quot;:&quot;highlight&quot;}\" data-widget_type=\"animated-headline.default\">\n\t\t\t\t<div class=\"elementor-widget-container\">\n\t\t\t\t\t<h3 class=\"elementor-headline\">\n\t\t\t\t\t\t\t<span class=\"elementor-headline-plain-text elementor-headline-text-wrapper\">Cashewkerne <\/span>\n\t\t\t\t\t\t<span class=\"elementor-headline-dynamic-wrapper elementor-headline-text-wrapper\"><\/span>\n\t\t\t\t\t\t\t<span class=\"elementor-headline-plain-text elementor-headline-text-wrapper\">Bio<\/span>\n\t\t\t\t\t<\/h3>\n\t\t\t\t<\/div>\n\t\t\t\t<\/div>\n\t\t\t\t<div class=\"elementor-element elementor-element-6c352fe elementor-widget elementor-widget-text-editor\" data-id=\"6c352fe\" data-element_type=\"widget\" data-widget_type=\"text-editor.default\">\n\t\t\t\t<div class=\"elementor-widget-container\">\n\t\t\t\t\t\t\t\t<div class=\"elementor-text-editor elementor-clearfix\">\n\t\t\t\t<ul><li>Die mild-nussigen Kerne sind elfenbein- bis beigefarben und eine Proteinquelle.<\/li><li>Gut geeignet zum Knabbern, Kochen und Backen.<\/li><li>Die exotische K\u00fcche, als Zutat f\u00fcr Salate, So\u00dfen, Desserts oder Studentenfutter und f\u00fcr M\u00fcsli.<\/li><\/ul>\t\t\t\t\t<\/div>\n\t\t\t\t\t\t<\/div>\n\t\t\t\t<\/div>\n\t\t\t\t\t\t<\/div>\n\t\t\t\t\t<\/div>\n\t\t<\/div>\n\t\t\t\t<div class=\"elementor-column elementor-col-25 elementor-top-column elementor-element elementor-element-2b05c21\" data-id=\"2b05c21\" data-element_type=\"column\">\n\t\t\t<div class=\"elementor-column-wrap elementor-element-populated\">\n\t\t\t\t\t\t\t<div class=\"elementor-widget-wrap\">\n\t\t\t\t\t\t<div class=\"elementor-element elementor-element-37d6b70 elementor-widget elementor-widget-image\" data-id=\"37d6b70\" data-element_type=\"widget\" data-widget_type=\"image.default\">\n\t\t\t\t<div class=\"elementor-widget-container\">\n\t\t\t\t\t\t\t\t<div class=\"elementor-image\">\n\t\t\t\t\t\t\t\t\t\t\t\t<img width=\"225\" height=\"282\" src=\"https:\/\/kluender-nortorf.de\/wp-content\/uploads\/2021\/01\/wurzel.png\" class=\"attachment-large size-large\" alt=\"\" loading=\"lazy\" \/>\t\t\t\t\t\t\t\t\t\t\t\t\t\t<\/div>\n\t\t\t\t\t\t<\/div>\n\t\t\t\t<\/div>\n\t\t\t\t<div class=\"elementor-element elementor-element-29e648f elementor-widget elementor-widget-text-editor\" data-id=\"29e648f\" data-element_type=\"widget\" data-widget_type=\"text-editor.default\">\n\t\t\t\t<div class=\"elementor-widget-container\">\n\t\t\t\t\t\t\t\t<div class=\"elementor-text-editor elementor-clearfix\">\n\t\t\t\t<ul class=\"list-with-checkmark\"><li data-sr-id=\"1\">ohne Zuckerzusatz<sup>2<\/sup><\/li><li data-sr-id=\"3\">gluten- und laktosefrei<\/li><li data-sr-id=\"4\">rein pflanzlich<\/li><li data-sr-id=\"5\">aus kontrolliert biologischem Anbau<\/li><li data-sr-id=\"6\">einzigartig harmonischer, bitters\u00fc\u00dfer Geschmack<\/li><\/ul>\t\t\t\t\t<\/div>\n\t\t\t\t\t\t<\/div>\n\t\t\t\t<\/div>\n\t\t\t\t\t\t<\/div>\n\t\t\t\t\t<\/div>\n\t\t<\/div>\n\t\t\t\t<div class=\"elementor-column elementor-col-25 elementor-top-column elementor-element elementor-element-cb48321\" data-id=\"cb48321\" data-element_type=\"column\">\n\t\t\t<div class=\"elementor-column-wrap elementor-element-populated\">\n\t\t\t\t\t\t\t<div class=\"elementor-widget-wrap\">\n\t\t\t\t\t\t<div class=\"elementor-element elementor-element-4d870bc elementor-widget elementor-widget-image\" data-id=\"4d870bc\" data-element_type=\"widget\" data-widget_type=\"image.default\">\n\t\t\t\t<div class=\"elementor-widget-container\">\n\t\t\t\t\t\t\t\t<div class=\"elementor-image\">\n\t\t\t\t\t\t\t\t\t\t\t\t<img width=\"280\" height=\"277\" src=\"https:\/\/kluender-nortorf.de\/wp-content\/uploads\/2021\/01\/base.png\" class=\"attachment-large size-large\" alt=\"\" loading=\"lazy\" \/>\t\t\t\t\t\t\t\t\t\t\t\t\t\t<\/div>\n\t\t\t\t\t\t<\/div>\n\t\t\t\t<\/div>\n\t\t\t\t<div class=\"elementor-element elementor-element-36c7881 elementor-widget elementor-widget-text-editor\" data-id=\"36c7881\" data-element_type=\"widget\" data-widget_type=\"text-editor.default\">\n\t\t\t\t<div class=\"elementor-widget-container\">\n\t\t\t\t\t\t\t\t<div class=\"elementor-text-editor elementor-clearfix\">\n\t\t\t\t<ul class=\"list-with-checkmark\"><li data-sr-id=\"1\">zertifizierte Naturkosmetik<\/li><li data-sr-id=\"3\">ohne Farb-, Duft-, und Konservierungsstoffe<\/li><li data-sr-id=\"4\">sehr gute Hautvertr\u00e4glichkeit dermatologisch best\u00e4tigt<\/li><li data-sr-id=\"5\">f\u00fcr basisch-streichelzarte Haut<\/li><li data-sr-id=\"6\">mit 8 Edelsteinen in feinster Mahlung<\/li><\/ul>\t\t\t\t\t<\/div>\n\t\t\t\t\t\t<\/div>\n\t\t\t\t<\/div>\n\t\t\t\t\t\t<\/div>\n\t\t\t\t\t<\/div>\n\t\t<\/div>\n\t\t\t\t\t\t\t\t<\/div>\n\t\t\t\t\t<\/div>\n\t\t<\/section>\n\t\t\t\t<section class=\"elementor-section elementor-top-section elementor-element elementor-element-f936101 elementor-section-boxed elementor-section-height-default elementor-section-height-default\" data-id=\"f936101\" data-element_type=\"section\">\n\t\t\t\t\t\t<div class=\"elementor-container elementor-column-gap-default\">\n\t\t\t\t\t\t\t<div class=\"elementor-row\">\n\t\t\t\t\t<div class=\"elementor-column elementor-col-100 elementor-top-column elementor-element elementor-element-8a483b1\" data-id=\"8a483b1\" data-element_type=\"column\">\n\t\t\t<div class=\"elementor-column-wrap elementor-element-populated\">\n\t\t\t\t\t\t\t<div class=\"elementor-widget-wrap\">\n\t\t\t\t\t\t<div class=\"elementor-element elementor-element-6c46f43 elementor-widget elementor-widget-heading\" data-id=\"6c46f43\" data-element_type=\"widget\" data-widget_type=\"heading.default\">\n\t\t\t\t<div class=\"elementor-widget-container\">\n\t\t\t<h2 class=\"elementor-heading-title elementor-size-default\">Basische K\u00f6rperpflege<\/h2>\t\t<\/div>\n\t\t\t\t<\/div>\n\t\t\t\t<div class=\"elementor-element elementor-element-226bcd9 elementor-widget elementor-widget-text-editor\" data-id=\"226bcd9\" data-element_type=\"widget\" data-widget_type=\"text-editor.default\">\n\t\t\t\t<div class=\"elementor-widget-container\">\n\t\t\t\t\t\t\t\t<div class=\"elementor-text-editor elementor-clearfix\">\n\t\t\t\t<p>Basische K\u00f6rperpflege ist die nat\u00fcrlichste Art der Hautpflege. Sie reinigt und regeneriert intensiv, hilft bei Hautproblemen wie etwa Neurodermitis, Schuppenflechte sowie Ekzemen und entlastet den Stoffwechsel. Zudem unterst\u00fctzt sie unseren Organismus, den S\u00e4ure-Basen-Haushalt in Balance zu halten. Mit unserer basischen Naturkosmetik nehmen Sie sich bewusst Zeit f\u00fcr sich, um neue Energie, Ruhe und Kraft f\u00fcr den Alltag zu tanken.\u00a0<\/p>\t\t\t\t\t<\/div>\n\t\t\t\t\t\t<\/div>\n\t\t\t\t<\/div>\n\t\t\t\t<div class=\"elementor-element elementor-element-c2f05e8 elementor-widget elementor-widget-heading\" data-id=\"c2f05e8\" data-element_type=\"widget\" data-widget_type=\"heading.default\">\n\t\t\t\t<div class=\"elementor-widget-container\">\n\t\t\t<h2 class=\"elementor-heading-title elementor-size-default\">Basische Ern\u00e4hrung<\/h2>\t\t<\/div>\n\t\t\t\t<\/div>\n\t\t\t\t<div class=\"elementor-element elementor-element-14b946f elementor-widget elementor-widget-text-editor\" data-id=\"14b946f\" data-element_type=\"widget\" data-widget_type=\"text-editor.default\">\n\t\t\t\t<div class=\"elementor-widget-container\">\n\t\t\t\t\t\t\t\t<div class=\"elementor-text-editor elementor-clearfix\">\n\t\t\t\t<p>Mit einer basischen Ern\u00e4hrung versorgen Sie Ihren K\u00f6rper mit allen notwendigen N\u00e4hr- sowie Vitalstoffen und unterst\u00fctzen das Gleichgewicht des S\u00e4ure-Basen-Haushalts. Die \u00fcberwiegend pflanzlichen, vollwertigen Lebensmittel enthalten zudem hochwertige Kohlenhydrate, gesunde Fette und Eiwei\u00dfe sowie basenbildende Mineralstoffe und Vitamine, die einer \u00dcbers\u00e4uerung des Organismus gezielt entgegenwirken.\u00a0<\/p>\t\t\t\t\t<\/div>\n\t\t\t\t\t\t<\/div>\n\t\t\t\t<\/div>\n\t\t\t\t<div class=\"elementor-element elementor-element-9219ec1 elementor-widget elementor-widget-heading\" data-id=\"9219ec1\" data-element_type=\"widget\" data-widget_type=\"heading.default\">\n\t\t\t\t<div class=\"elementor-widget-container\">\n\t\t\t<h2 class=\"elementor-heading-title elementor-size-default\">Noch ein Tipp:<\/h2>\t\t<\/div>\n\t\t\t\t<\/div>\n\t\t\t\t<div class=\"elementor-element elementor-element-085d571 elementor-widget elementor-widget-heading\" data-id=\"085d571\" data-element_type=\"widget\" data-widget_type=\"heading.default\">\n\t\t\t\t<div class=\"elementor-widget-container\">\n\t\t\t<h2 class=\"elementor-heading-title elementor-size-default\">MorgenStund' gleich doppelt ausgezeichnet<\/h2>\t\t<\/div>\n\t\t\t\t<\/div>\n\t\t\t\t<section class=\"elementor-section elementor-inner-section elementor-element elementor-element-2d1dde8 elementor-section-boxed elementor-section-height-default elementor-section-height-default\" data-id=\"2d1dde8\" data-element_type=\"section\">\n\t\t\t\t\t\t<div class=\"elementor-container elementor-column-gap-default\">\n\t\t\t\t\t\t\t<div class=\"elementor-row\">\n\t\t\t\t\t<div class=\"elementor-column elementor-col-50 elementor-inner-column elementor-element elementor-element-fcab2ba\" data-id=\"fcab2ba\" data-element_type=\"column\">\n\t\t\t<div class=\"elementor-column-wrap elementor-element-populated\">\n\t\t\t\t\t\t\t<div class=\"elementor-widget-wrap\">\n\t\t\t\t\t\t<div class=\"elementor-element elementor-element-05636f7 elementor-widget elementor-widget-image\" data-id=\"05636f7\" data-element_type=\"widget\" data-widget_type=\"image.default\">\n\t\t\t\t<div class=\"elementor-widget-container\">\n\t\t\t\t\t\t\t\t<div class=\"elementor-image\">\n\t\t\t\t\t\t\t\t\t\t\t\t<img width=\"580\" height=\"343\" src=\"https:\/\/kluender-nortorf.de\/wp-content\/uploads\/2021\/01\/Morgenstund.png\" class=\"attachment-large size-large\" alt=\"\" loading=\"lazy\" srcset=\"https:\/\/kluender-nortorf.de\/wp-content\/uploads\/2021\/01\/Morgenstund.png 820w, https:\/\/kluender-nortorf.de\/wp-content\/uploads\/2021\/01\/Morgenstund-300x177.png 300w, https:\/\/kluender-nortorf.de\/wp-content\/uploads\/2021\/01\/Morgenstund-768x454.png 768w\" sizes=\"(max-width: 580px) 100vw, 580px\" \/>\t\t\t\t\t\t\t\t\t\t\t\t\t\t<\/div>\n\t\t\t\t\t\t<\/div>\n\t\t\t\t<\/div>\n\t\t\t\t<div class=\"elementor-element elementor-element-fb66504 elementor-widget elementor-widget-text-editor\" data-id=\"fb66504\" data-element_type=\"widget\" data-widget_type=\"text-editor.default\">\n\t\t\t\t<div class=\"elementor-widget-container\">\n\t\t\t\t\t\t\t\t<div class=\"elementor-text-editor elementor-clearfix\">\n\t\t\t\t<p>Doppelter Sieg f\u00fcr\u00a0<a class=\"autolink\" href=\"https:\/\/www.p-jentschura.com\/de\/produkte\/morgenstund\/\">MorgenStund&#8216;<\/a>: Der\u00a0<a class=\"autolink\" href=\"https:\/\/www.p-jentschura.com\/de\/produkte\/morgenstund\/\">Hirse-Buchweizen-Brei<\/a>\u00a0von P.\u00a0Jentschura ist jetzt von Lesern des Magazins \u201enat\u00fcrlich\u201c als \u201eLeserliebling 2021\u201c und von einer Fachjury als \u201eReformprodukt des Jahres 2021\u201c pr\u00e4miert worden. Damit liegt er sowohl bei Verbrauchern als auch Experten auf der Beliebtheitsskala ganz weit oben..<\/p>\t\t\t\t\t<\/div>\n\t\t\t\t\t\t<\/div>\n\t\t\t\t<\/div>\n\t\t\t\t\t\t<\/div>\n\t\t\t\t\t<\/div>\n\t\t<\/div>\n\t\t\t\t<div class=\"elementor-column elementor-col-50 elementor-inner-column elementor-element elementor-element-41a3992\" data-id=\"41a3992\" data-element_type=\"column\">\n\t\t\t<div class=\"elementor-column-wrap elementor-element-populated\">\n\t\t\t\t\t\t\t<div class=\"elementor-widget-wrap\">\n\t\t\t\t\t\t<div class=\"elementor-element elementor-element-d0ecbd5 elementor-widget elementor-widget-text-editor\" data-id=\"d0ecbd5\" data-element_type=\"widget\" data-widget_type=\"text-editor.default\">\n\t\t\t\t<div class=\"elementor-widget-container\">\n\t\t\t\t\t\t\t\t<div class=\"elementor-text-editor elementor-clearfix\">\n\t\t\t\t<p>\u00a0<\/p><p>Seit mehreren Jahren vergibt eine hochkar\u00e4tige Jury der Reformhaus-Fachakademie die Preise \u201eReformprodukt des Jahres\u201c in verschiedenen Kategorien. Alle eingereichten Produkte werden einer intensiven Pr\u00fcfung unterzogen, die Inhaltsstoffangaben und Deklarationen genau studiert und \u00fcberpr\u00fcft und wenn alles stimmt, entscheidet dann nat\u00fcrlich vor allem auch der Geschmack. \u201e<a class=\"autolink\" href=\"https:\/\/www.p-jentschura.com\/de\/produkte\/morgenstund\/\">MorgenStund&#8216;<\/a>\u00a0hat uns in allen Bereichen \u00fcberzeugt und so mit seiner hervorragenden Qualit\u00e4t in der Kategorie \u201aVegetarisches Reformprodukt\u2018 klar gepunktet\u201c, erkl\u00e4rte Rainer Plum, Juryvorsitzender und Gesch\u00e4ftsf\u00fchrender Vorstand der Stiftung Reformhaus-Fachakademie.<\/p><p>Wie popul\u00e4r der Basenbrei bei Gro\u00df und Klein ist, zeigt auch die Wahl zum \u201eLeserliebling\u201c, bei der die Naturkost- und Reformwarenzeitschrift \u201enat\u00fcrlich\u201c ihre Leser auffordert, ihre pers\u00f6nlichen Favoriten zu k\u00fcren. Mehr als 75.000 Menschen nahmen an der Abstimmung teil und die meistgew\u00e4hlten Produkte wurden ausgezeichnet.<\/p>\t\t\t\t\t<\/div>\n\t\t\t\t\t\t<\/div>\n\t\t\t\t<\/div>\n\t\t\t\t\t\t<\/div>\n\t\t\t\t\t<\/div>\n\t\t<\/div>\n\t\t\t\t\t\t\t\t<\/div>\n\t\t\t\t\t<\/div>\n\t\t<\/section>\n\t\t\t\t\t\t<\/div>\n\t\t\t\t\t<\/div>\n\t\t<\/div>\n\t\t\t\t\t\t\t\t<\/div>\n\t\t\t\t\t<\/div>\n\t\t<\/section>\n\t\t\t\t\t\t\t\t\t<\/div>\n\t\t\t<\/div>\n\t\t\t\t\t<\/div>\n\t\t","protected":false},"excerpt":{"rendered":"<p>Nat\u00fcrliche Produkte nach Dr. h.c. Peter Jentzschura Die Jentschura International GmbH mit ihrer Dachmarke P.\u00a0Jentschura ist ein mittelst\u00e4ndisches Traditionsunternehmen aus M\u00fcnster (Westfalen) und f\u00fchrender Hersteller basischer K\u00f6rperpflegeprodukte und nat\u00fcrlicher, basischer Lebensmittel.Diese Produkte erhalten Sie nun auch bei uns. einzigartige Rezeptur mit 49 Kr\u00e4utern f\u00fcr die S\u00e4ure-Basen-Balance bew\u00e4hrter Begleiter bei Ents\u00e4uerungs- und Fastenkuren aus kontrolliert biologischem [&hellip;]<\/p>\n","protected":false},"author":1,"featured_media":0,"parent":0,"menu_order":0,"comment_status":"closed","ping_status":"closed","template":"elementor_header_footer","meta":[],"_links":{"self":[{"href":"https:\/\/kluender-nortorf.de\/index.php?rest_route=\/wp\/v2\/pages\/175"}],"collection":[{"href":"https:\/\/kluender-nortorf.de\/index.php?rest_route=\/wp\/v2\/pages"}],"about":[{"href":"https:\/\/kluender-nortorf.de\/index.php?rest_route=\/wp\/v2\/types\/page"}],"author":[{"embeddable":true,"href":"https:\/\/kluender-nortorf.de\/index.php?rest_route=\/wp\/v2\/users\/1"}],"replies":[{"embeddable":true,"href":"https:\/\/kluender-nortorf.de\/index.php?rest_route=%2Fwp%2Fv2%2Fcomments&post=175"}],"version-history":[{"count":27,"href":"https:\/\/kluender-nortorf.de\/index.php?rest_route=\/wp\/v2\/pages\/175\/revisions"}],"predecessor-version":[{"id":536,"href":"https:\/\/kluender-nortorf.de\/index.php?rest_route=\/wp\/v2\/pages\/175\/revisions\/536"}],"wp:attachment":[{"href":"https:\/\/kluender-nortorf.de\/index.php?rest_route=%2Fwp%2Fv2%2Fmedia&parent=175"}],"curies":[{"name":"wp","href":"https:\/\/api.w.org\/{rel}","templated":true}]}}