{"id":109,"date":"2020-10-19T14:41:46","date_gmt":"2020-10-19T14:41:46","guid":{"rendered":"https:\/\/kluender-nortorf.de\/?page_id=109"},"modified":"2020-10-30T09:58:47","modified_gmt":"2020-10-30T09:58:47","slug":"ueber-uns","status":"publish","type":"page","link":"https:\/\/kluender-nortorf.de\/?page_id=109","title":{"rendered":"\u00dcber uns"},"content":{"rendered":"\t\t<div data-elementor-type=\"wp-page\" data-elementor-id=\"109\" class=\"elementor elementor-109\">\n\t\t\t\t\t\t<div class=\"elementor-inner\">\n\t\t\t\t<div class=\"elementor-section-wrap\">\n\t\t\t\t\t\t\t\t\t<section class=\"elementor-section elementor-top-section elementor-element elementor-element-f9847d8 elementor-section-boxed elementor-section-height-default elementor-section-height-default\" data-id=\"f9847d8\" data-element_type=\"section\">\n\t\t\t\t\t\t<div class=\"elementor-container elementor-column-gap-default\">\n\t\t\t\t\t\t\t<div class=\"elementor-row\">\n\t\t\t\t\t<div class=\"elementor-column elementor-col-100 elementor-top-column elementor-element elementor-element-1d67328\" data-id=\"1d67328\" data-element_type=\"column\">\n\t\t\t<div class=\"elementor-column-wrap elementor-element-populated\">\n\t\t\t\t\t\t\t<div class=\"elementor-widget-wrap\">\n\t\t\t\t\t\t<div class=\"elementor-element elementor-element-ac9cd2c elementor-widget elementor-widget-heading\" data-id=\"ac9cd2c\" data-element_type=\"widget\" data-widget_type=\"heading.default\">\n\t\t\t\t<div class=\"elementor-widget-container\">\n\t\t\t<h2 class=\"elementor-heading-title elementor-size-default\">\u00dcber uns<\/h2>\t\t<\/div>\n\t\t\t\t<\/div>\n\t\t\t\t<section class=\"elementor-section elementor-inner-section elementor-element elementor-element-045363c elementor-section-boxed elementor-section-height-default elementor-section-height-default\" data-id=\"045363c\" data-element_type=\"section\">\n\t\t\t\t\t\t<div class=\"elementor-container elementor-column-gap-default\">\n\t\t\t\t\t\t\t<div class=\"elementor-row\">\n\t\t\t\t\t<div class=\"elementor-column elementor-col-50 elementor-inner-column elementor-element elementor-element-f3a015d\" data-id=\"f3a015d\" data-element_type=\"column\">\n\t\t\t<div class=\"elementor-column-wrap elementor-element-populated\">\n\t\t\t\t\t\t\t<div class=\"elementor-widget-wrap\">\n\t\t\t\t\t\t<div class=\"elementor-element elementor-element-c043a2a elementor-drop-cap-yes elementor-drop-cap-view-default elementor-widget elementor-widget-text-editor\" data-id=\"c043a2a\" data-element_type=\"widget\" data-settings=\"{&quot;drop_cap&quot;:&quot;yes&quot;}\" data-widget_type=\"text-editor.default\">\n\t\t\t\t<div class=\"elementor-widget-container\">\n\t\t\t\t\t\t\t\t<div class=\"elementor-text-editor elementor-clearfix\">\n\t\t\t\t<p>Die Firma Drogerie Max Kl\u00fcnder wurde im Jahre 1927 in Nortorf gegr\u00fcndet.\u00a0<\/p><p>Seit dieser Zeit ist sie bis heute immer in der Leitung der Familie Kl\u00fcnder \/ Ritterspacher.<br \/>Unsere Maxime ist immer <strong>&#8222;Der Kunde steht bei uns im Mittelpunkt.&#8220;<\/strong> Die Leitung der Firma ist seit 1990 in den H\u00e4nden von <strong>Wolfgang Ritterspacher<\/strong>. Der ausgebildete Drogist und Reformhauskaufmann, legt weiterhin sehr gro\u00dfen Wert darauf seine Kunden die Aus Nortorf und der n\u00e4heren und weiteren Umgebung zur Firma Kl\u00fcnder kommen, stets vertrauensvoll und kompetent zu bedienen.<\/p>\t\t\t\t\t<\/div>\n\t\t\t\t\t\t<\/div>\n\t\t\t\t<\/div>\n\t\t\t\t<div class=\"elementor-element elementor-element-c30c7e3 elementor-widget elementor-widget-text-editor\" data-id=\"c30c7e3\" data-element_type=\"widget\" data-widget_type=\"text-editor.default\">\n\t\t\t\t<div class=\"elementor-widget-container\">\n\t\t\t\t\t\t\t\t<div class=\"elementor-text-editor elementor-clearfix\">\n\t\t\t\t<h2 class=\"elementor-heading-title elementor-size-default\">Stark f\u00fcr Sie vor Ort seit 1927<\/h2>\t\t\t\t\t<\/div>\n\t\t\t\t\t\t<\/div>\n\t\t\t\t<\/div>\n\t\t\t\t\t\t<\/div>\n\t\t\t\t\t<\/div>\n\t\t<\/div>\n\t\t\t\t<div class=\"elementor-column elementor-col-50 elementor-inner-column elementor-element elementor-element-3f7f6d9\" data-id=\"3f7f6d9\" data-element_type=\"column\">\n\t\t\t<div class=\"elementor-column-wrap elementor-element-populated\">\n\t\t\t\t\t\t\t<div class=\"elementor-widget-wrap\">\n\t\t\t\t\t\t<div class=\"elementor-element elementor-element-307be4b elementor-widget elementor-widget-image\" data-id=\"307be4b\" data-element_type=\"widget\" data-widget_type=\"image.default\">\n\t\t\t\t<div class=\"elementor-widget-container\">\n\t\t\t\t\t\t\t\t<div class=\"elementor-image\">\n\t\t\t\t\t\t\t\t\t\t\t\t<img width=\"580\" height=\"406\" src=\"https:\/\/kluender-nortorf.de\/wp-content\/uploads\/2020\/10\/Haus-alt-1024x717.jpg\" class=\"attachment-large size-large\" alt=\"\" loading=\"lazy\" srcset=\"https:\/\/kluender-nortorf.de\/wp-content\/uploads\/2020\/10\/Haus-alt-1024x717.jpg 1024w, https:\/\/kluender-nortorf.de\/wp-content\/uploads\/2020\/10\/Haus-alt-300x210.jpg 300w, https:\/\/kluender-nortorf.de\/wp-content\/uploads\/2020\/10\/Haus-alt-768x538.jpg 768w, https:\/\/kluender-nortorf.de\/wp-content\/uploads\/2020\/10\/Haus-alt-1536x1076.jpg 1536w, https:\/\/kluender-nortorf.de\/wp-content\/uploads\/2020\/10\/Haus-alt-2048x1434.jpg 2048w, https:\/\/kluender-nortorf.de\/wp-content\/uploads\/2020\/10\/Haus-alt-1200x840.jpg 1200w, https:\/\/kluender-nortorf.de\/wp-content\/uploads\/2020\/10\/Haus-alt-1980x1386.jpg 1980w\" sizes=\"(max-width: 580px) 100vw, 580px\" \/>\t\t\t\t\t\t\t\t\t\t\t\t\t\t<\/div>\n\t\t\t\t\t\t<\/div>\n\t\t\t\t<\/div>\n\t\t\t\t\t\t<\/div>\n\t\t\t\t\t<\/div>\n\t\t<\/div>\n\t\t\t\t\t\t\t\t<\/div>\n\t\t\t\t\t<\/div>\n\t\t<\/section>\n\t\t\t\t<div class=\"elementor-element elementor-element-10ccc99 elementor-widget elementor-widget-gallery\" data-id=\"10ccc99\" data-element_type=\"widget\" data-settings=\"{&quot;gallery_layout&quot;:&quot;masonry&quot;,&quot;columns&quot;:3,&quot;lazyload&quot;:&quot;yes&quot;,&quot;columns_tablet&quot;:2,&quot;columns_mobile&quot;:1,&quot;gap&quot;:{&quot;unit&quot;:&quot;px&quot;,&quot;size&quot;:10,&quot;sizes&quot;:[]},&quot;gap_tablet&quot;:{&quot;unit&quot;:&quot;px&quot;,&quot;size&quot;:10,&quot;sizes&quot;:[]},&quot;gap_mobile&quot;:{&quot;unit&quot;:&quot;px&quot;,&quot;size&quot;:10,&quot;sizes&quot;:[]},&quot;link_to&quot;:&quot;file&quot;,&quot;overlay_background&quot;:&quot;yes&quot;,&quot;content_hover_animation&quot;:&quot;fade-in&quot;}\" data-widget_type=\"gallery.default\">\n\t\t\t\t<div class=\"elementor-widget-container\">\n\t\t\t\t\t<div class=\"elementor-gallery__container\">\n\t\t\t\t\t\t\t<a class=\"e-gallery-item elementor-gallery-item elementor-animated-content\" href=\"https:\/\/kluender-nortorf.de\/wp-content\/uploads\/2020\/10\/IMG_4436-scaled.jpg\" data-elementor-open-lightbox=\"yes\" data-elementor-lightbox-slideshow=\"all-10ccc99\" data-elementor-lightbox-title=\"IMG_4436\" e-action-hash=\"#elementor-action%3Aaction%3Dlightbox%26settings%3DeyJpZCI6MTI1LCJ1cmwiOiJodHRwczpcL1wva2x1ZW5kZXItbm9ydG9yZi5kZVwvd3AtY29udGVudFwvdXBsb2Fkc1wvMjAyMFwvMTBcL0lNR180NDM2LXNjYWxlZC5qcGciLCJzbGlkZXNob3ciOiJhbGwtMTBjY2M5OSJ9\">\n\t\t\t\t\t<div class=\"e-gallery-image elementor-gallery-item__image\" data-thumbnail=\"https:\/\/kluender-nortorf.de\/wp-content\/uploads\/2020\/10\/IMG_4436-200x300.jpg\" data-width=\"200\" data-height=\"300\" alt=\"\" ><\/div>\n\t\t\t\t\t\t\t\t\t\t<div class=\"elementor-gallery-item__overlay\"><\/div>\n\t\t\t\t\t\t\t\t\t\t\t\t\t\t<\/a>\n\t\t\t\t\t\t\t<a class=\"e-gallery-item elementor-gallery-item elementor-animated-content\" href=\"https:\/\/kluender-nortorf.de\/wp-content\/uploads\/2020\/10\/IMG_4404-1-scaled.jpg\" data-elementor-open-lightbox=\"yes\" data-elementor-lightbox-slideshow=\"all-10ccc99\" data-elementor-lightbox-title=\"IMG_4404\" e-action-hash=\"#elementor-action%3Aaction%3Dlightbox%26settings%3DeyJpZCI6MTE3LCJ1cmwiOiJodHRwczpcL1wva2x1ZW5kZXItbm9ydG9yZi5kZVwvd3AtY29udGVudFwvdXBsb2Fkc1wvMjAyMFwvMTBcL0lNR180NDA0LTEtc2NhbGVkLmpwZyIsInNsaWRlc2hvdyI6ImFsbC0xMGNjYzk5In0%3D\">\n\t\t\t\t\t<div class=\"e-gallery-image elementor-gallery-item__image\" data-thumbnail=\"https:\/\/kluender-nortorf.de\/wp-content\/uploads\/2020\/10\/IMG_4404-1-300x200.jpg\" data-width=\"300\" data-height=\"200\" alt=\"\" ><\/div>\n\t\t\t\t\t\t\t\t\t\t<div class=\"elementor-gallery-item__overlay\"><\/div>\n\t\t\t\t\t\t\t\t\t\t\t\t\t\t<\/a>\n\t\t\t\t\t\t\t<a class=\"e-gallery-item elementor-gallery-item elementor-animated-content\" href=\"https:\/\/kluender-nortorf.de\/wp-content\/uploads\/2020\/10\/IMG_4402-scaled.jpg\" data-elementor-open-lightbox=\"yes\" data-elementor-lightbox-slideshow=\"all-10ccc99\" data-elementor-lightbox-title=\"IMG_4402\" e-action-hash=\"#elementor-action%3Aaction%3Dlightbox%26settings%3DeyJpZCI6MTE2LCJ1cmwiOiJodHRwczpcL1wva2x1ZW5kZXItbm9ydG9yZi5kZVwvd3AtY29udGVudFwvdXBsb2Fkc1wvMjAyMFwvMTBcL0lNR180NDAyLXNjYWxlZC5qcGciLCJzbGlkZXNob3ciOiJhbGwtMTBjY2M5OSJ9\">\n\t\t\t\t\t<div class=\"e-gallery-image elementor-gallery-item__image\" data-thumbnail=\"https:\/\/kluender-nortorf.de\/wp-content\/uploads\/2020\/10\/IMG_4402-200x300.jpg\" data-width=\"200\" data-height=\"300\" alt=\"\" ><\/div>\n\t\t\t\t\t\t\t\t\t\t<div class=\"elementor-gallery-item__overlay\"><\/div>\n\t\t\t\t\t\t\t\t\t\t\t\t\t\t<\/a>\n\t\t\t\t\t\t\t<a class=\"e-gallery-item elementor-gallery-item elementor-animated-content\" href=\"https:\/\/kluender-nortorf.de\/wp-content\/uploads\/2020\/10\/IMG_8925-scaled.jpg\" data-elementor-open-lightbox=\"yes\" data-elementor-lightbox-slideshow=\"all-10ccc99\" data-elementor-lightbox-title=\"IMG_8925\" e-action-hash=\"#elementor-action%3Aaction%3Dlightbox%26settings%3DeyJpZCI6MTIwLCJ1cmwiOiJodHRwczpcL1wva2x1ZW5kZXItbm9ydG9yZi5kZVwvd3AtY29udGVudFwvdXBsb2Fkc1wvMjAyMFwvMTBcL0lNR184OTI1LXNjYWxlZC5qcGciLCJzbGlkZXNob3ciOiJhbGwtMTBjY2M5OSJ9\">\n\t\t\t\t\t<div class=\"e-gallery-image elementor-gallery-item__image\" data-thumbnail=\"https:\/\/kluender-nortorf.de\/wp-content\/uploads\/2020\/10\/IMG_8925-300x200.jpg\" data-width=\"300\" data-height=\"200\" alt=\"\" ><\/div>\n\t\t\t\t\t\t\t\t\t\t<div class=\"elementor-gallery-item__overlay\"><\/div>\n\t\t\t\t\t\t\t\t\t\t\t\t\t\t<\/a>\n\t\t\t\t\t\t\t<a class=\"e-gallery-item elementor-gallery-item elementor-animated-content\" href=\"https:\/\/kluender-nortorf.de\/wp-content\/uploads\/2020\/10\/IMG_4401-scaled.jpg\" data-elementor-open-lightbox=\"yes\" data-elementor-lightbox-slideshow=\"all-10ccc99\" data-elementor-lightbox-title=\"IMG_4401\" e-action-hash=\"#elementor-action%3Aaction%3Dlightbox%26settings%3DeyJpZCI6MTE1LCJ1cmwiOiJodHRwczpcL1wva2x1ZW5kZXItbm9ydG9yZi5kZVwvd3AtY29udGVudFwvdXBsb2Fkc1wvMjAyMFwvMTBcL0lNR180NDAxLXNjYWxlZC5qcGciLCJzbGlkZXNob3ciOiJhbGwtMTBjY2M5OSJ9\">\n\t\t\t\t\t<div class=\"e-gallery-image elementor-gallery-item__image\" data-thumbnail=\"https:\/\/kluender-nortorf.de\/wp-content\/uploads\/2020\/10\/IMG_4401-200x300.jpg\" data-width=\"200\" data-height=\"300\" alt=\"\" ><\/div>\n\t\t\t\t\t\t\t\t\t\t<div class=\"elementor-gallery-item__overlay\"><\/div>\n\t\t\t\t\t\t\t\t\t\t\t\t\t\t<\/a>\n\t\t\t\t\t\t\t<a class=\"e-gallery-item elementor-gallery-item elementor-animated-content\" href=\"https:\/\/kluender-nortorf.de\/wp-content\/uploads\/2020\/10\/IMG_8924-1-scaled.jpg\" data-elementor-open-lightbox=\"yes\" data-elementor-lightbox-slideshow=\"all-10ccc99\" data-elementor-lightbox-title=\"IMG_8924\" e-action-hash=\"#elementor-action%3Aaction%3Dlightbox%26settings%3DeyJpZCI6MTIxLCJ1cmwiOiJodHRwczpcL1wva2x1ZW5kZXItbm9ydG9yZi5kZVwvd3AtY29udGVudFwvdXBsb2Fkc1wvMjAyMFwvMTBcL0lNR184OTI0LTEtc2NhbGVkLmpwZyIsInNsaWRlc2hvdyI6ImFsbC0xMGNjYzk5In0%3D\">\n\t\t\t\t\t<div class=\"e-gallery-image elementor-gallery-item__image\" data-thumbnail=\"https:\/\/kluender-nortorf.de\/wp-content\/uploads\/2020\/10\/IMG_8924-1-300x200.jpg\" data-width=\"300\" data-height=\"200\" alt=\"\" ><\/div>\n\t\t\t\t\t\t\t\t\t\t<div class=\"elementor-gallery-item__overlay\"><\/div>\n\t\t\t\t\t\t\t\t\t\t\t\t\t\t<\/a>\n\t\t\t\t\t\t\t<a class=\"e-gallery-item elementor-gallery-item elementor-animated-content\" href=\"https:\/\/kluender-nortorf.de\/wp-content\/uploads\/2020\/10\/IMG_4413-scaled.jpg\" data-elementor-open-lightbox=\"yes\" data-elementor-lightbox-slideshow=\"all-10ccc99\" data-elementor-lightbox-title=\"IMG_4413\" e-action-hash=\"#elementor-action%3Aaction%3Dlightbox%26settings%3DeyJpZCI6MTI0LCJ1cmwiOiJodHRwczpcL1wva2x1ZW5kZXItbm9ydG9yZi5kZVwvd3AtY29udGVudFwvdXBsb2Fkc1wvMjAyMFwvMTBcL0lNR180NDEzLXNjYWxlZC5qcGciLCJzbGlkZXNob3ciOiJhbGwtMTBjY2M5OSJ9\">\n\t\t\t\t\t<div class=\"e-gallery-image elementor-gallery-item__image\" data-thumbnail=\"https:\/\/kluender-nortorf.de\/wp-content\/uploads\/2020\/10\/IMG_4413-300x200.jpg\" data-width=\"300\" data-height=\"200\" alt=\"\" ><\/div>\n\t\t\t\t\t\t\t\t\t\t<div class=\"elementor-gallery-item__overlay\"><\/div>\n\t\t\t\t\t\t\t\t\t\t\t\t\t\t<\/a>\n\t\t\t\t\t\t\t<a class=\"e-gallery-item elementor-gallery-item elementor-animated-content\" href=\"https:\/\/kluender-nortorf.de\/wp-content\/uploads\/2020\/10\/IMG_4407-1-scaled.jpg\" data-elementor-open-lightbox=\"yes\" data-elementor-lightbox-slideshow=\"all-10ccc99\" data-elementor-lightbox-title=\"IMG_4407\" e-action-hash=\"#elementor-action%3Aaction%3Dlightbox%26settings%3DeyJpZCI6MTIzLCJ1cmwiOiJodHRwczpcL1wva2x1ZW5kZXItbm9ydG9yZi5kZVwvd3AtY29udGVudFwvdXBsb2Fkc1wvMjAyMFwvMTBcL0lNR180NDA3LTEtc2NhbGVkLmpwZyIsInNsaWRlc2hvdyI6ImFsbC0xMGNjYzk5In0%3D\">\n\t\t\t\t\t<div class=\"e-gallery-image elementor-gallery-item__image\" data-thumbnail=\"https:\/\/kluender-nortorf.de\/wp-content\/uploads\/2020\/10\/IMG_4407-1-300x200.jpg\" data-width=\"300\" data-height=\"200\" alt=\"\" ><\/div>\n\t\t\t\t\t\t\t\t\t\t<div class=\"elementor-gallery-item__overlay\"><\/div>\n\t\t\t\t\t\t\t\t\t\t\t\t\t\t<\/a>\n\t\t\t\t\t\t\t<a class=\"e-gallery-item elementor-gallery-item elementor-animated-content\" href=\"https:\/\/kluender-nortorf.de\/wp-content\/uploads\/2020\/10\/IMG_4404-scaled.jpg\" data-elementor-open-lightbox=\"yes\" data-elementor-lightbox-slideshow=\"all-10ccc99\" data-elementor-lightbox-title=\"IMG_4404\" e-action-hash=\"#elementor-action%3Aaction%3Dlightbox%26settings%3DeyJpZCI6MTEzLCJ1cmwiOiJodHRwczpcL1wva2x1ZW5kZXItbm9ydG9yZi5kZVwvd3AtY29udGVudFwvdXBsb2Fkc1wvMjAyMFwvMTBcL0lNR180NDA0LXNjYWxlZC5qcGciLCJzbGlkZXNob3ciOiJhbGwtMTBjY2M5OSJ9\">\n\t\t\t\t\t<div class=\"e-gallery-image elementor-gallery-item__image\" data-thumbnail=\"https:\/\/kluender-nortorf.de\/wp-content\/uploads\/2020\/10\/IMG_4404-300x200.jpg\" data-width=\"300\" data-height=\"200\" alt=\"\" ><\/div>\n\t\t\t\t\t\t\t\t\t\t<div class=\"elementor-gallery-item__overlay\"><\/div>\n\t\t\t\t\t\t\t\t\t\t\t\t\t\t<\/a>\n\t\t\t\t\t\t\t<a class=\"e-gallery-item elementor-gallery-item elementor-animated-content\" href=\"https:\/\/kluender-nortorf.de\/wp-content\/uploads\/2020\/10\/Haus-Slider.jpg\" data-elementor-open-lightbox=\"yes\" data-elementor-lightbox-slideshow=\"all-10ccc99\" data-elementor-lightbox-title=\"Haus Slider\" e-action-hash=\"#elementor-action%3Aaction%3Dlightbox%26settings%3DeyJpZCI6NjcsInVybCI6Imh0dHBzOlwvXC9rbHVlbmRlci1ub3J0b3JmLmRlXC93cC1jb250ZW50XC91cGxvYWRzXC8yMDIwXC8xMFwvSGF1cy1TbGlkZXIuanBnIiwic2xpZGVzaG93IjoiYWxsLTEwY2NjOTkifQ%3D%3D\">\n\t\t\t\t\t<div class=\"e-gallery-image elementor-gallery-item__image\" data-thumbnail=\"https:\/\/kluender-nortorf.de\/wp-content\/uploads\/2020\/10\/Haus-Slider-300x168.jpg\" data-width=\"300\" data-height=\"168\" alt=\"\" ><\/div>\n\t\t\t\t\t\t\t\t\t\t<div class=\"elementor-gallery-item__overlay\"><\/div>\n\t\t\t\t\t\t\t\t\t\t\t\t\t\t<\/a>\n\t\t\t\t\t\t\t<a class=\"e-gallery-item elementor-gallery-item elementor-animated-content\" href=\"https:\/\/kluender-nortorf.de\/wp-content\/uploads\/2020\/10\/IMG_4407-scaled.jpg\" data-elementor-open-lightbox=\"yes\" data-elementor-lightbox-slideshow=\"all-10ccc99\" data-elementor-lightbox-title=\"IMG_4407\" e-action-hash=\"#elementor-action%3Aaction%3Dlightbox%26settings%3DeyJpZCI6MTE4LCJ1cmwiOiJodHRwczpcL1wva2x1ZW5kZXItbm9ydG9yZi5kZVwvd3AtY29udGVudFwvdXBsb2Fkc1wvMjAyMFwvMTBcL0lNR180NDA3LXNjYWxlZC5qcGciLCJzbGlkZXNob3ciOiJhbGwtMTBjY2M5OSJ9\">\n\t\t\t\t\t<div class=\"e-gallery-image elementor-gallery-item__image\" data-thumbnail=\"https:\/\/kluender-nortorf.de\/wp-content\/uploads\/2020\/10\/IMG_4407-300x200.jpg\" data-width=\"300\" data-height=\"200\" alt=\"\" ><\/div>\n\t\t\t\t\t\t\t\t\t\t<div class=\"elementor-gallery-item__overlay\"><\/div>\n\t\t\t\t\t\t\t\t\t\t\t\t\t\t<\/a>\n\t\t\t\t\t\t\t<a class=\"e-gallery-item elementor-gallery-item elementor-animated-content\" href=\"https:\/\/kluender-nortorf.de\/wp-content\/uploads\/2020\/10\/Drogerie-Logo-trans.png\" data-elementor-open-lightbox=\"yes\" data-elementor-lightbox-slideshow=\"all-10ccc99\" data-elementor-lightbox-title=\"Drogerie Logo trans\" e-action-hash=\"#elementor-action%3Aaction%3Dlightbox%26settings%3DeyJpZCI6MTIyLCJ1cmwiOiJodHRwczpcL1wva2x1ZW5kZXItbm9ydG9yZi5kZVwvd3AtY29udGVudFwvdXBsb2Fkc1wvMjAyMFwvMTBcL0Ryb2dlcmllLUxvZ28tdHJhbnMucG5nIiwic2xpZGVzaG93IjoiYWxsLTEwY2NjOTkifQ%3D%3D\">\n\t\t\t\t\t<div class=\"e-gallery-image elementor-gallery-item__image\" data-thumbnail=\"https:\/\/kluender-nortorf.de\/wp-content\/uploads\/2020\/10\/Drogerie-Logo-trans.png\" data-width=\"170\" data-height=\"170\" alt=\"\" ><\/div>\n\t\t\t\t\t\t\t\t\t\t<div class=\"elementor-gallery-item__overlay\"><\/div>\n\t\t\t\t\t\t\t\t\t\t\t\t\t\t<\/a>\n\t\t\t\t\t<\/div>\n\t\t\t<\/div>\n\t\t\t\t<\/div>\n\t\t\t\t\t\t<\/div>\n\t\t\t\t\t<\/div>\n\t\t<\/div>\n\t\t\t\t\t\t\t\t<\/div>\n\t\t\t\t\t<\/div>\n\t\t<\/section>\n\t\t\t\t\t\t\t\t\t<\/div>\n\t\t\t<\/div>\n\t\t\t\t\t<\/div>\n\t\t","protected":false},"excerpt":{"rendered":"<p>\u00dcber uns Die Firma Drogerie Max Kl\u00fcnder wurde im Jahre 1927 in Nortorf gegr\u00fcndet.\u00a0 Seit dieser Zeit ist sie bis heute immer in der Leitung der Familie Kl\u00fcnder \/ Ritterspacher.Unsere Maxime ist immer &#8222;Der Kunde steht bei uns im Mittelpunkt.&#8220; Die Leitung der Firma ist seit 1990 in den H\u00e4nden von Wolfgang Ritterspacher. Der ausgebildete [&hellip;]<\/p>\n","protected":false},"author":1,"featured_media":0,"parent":0,"menu_order":0,"comment_status":"closed","ping_status":"closed","template":"elementor_header_footer","meta":[],"_links":{"self":[{"href":"https:\/\/kluender-nortorf.de\/index.php?rest_route=\/wp\/v2\/pages\/109"}],"collection":[{"href":"https:\/\/kluender-nortorf.de\/index.php?rest_route=\/wp\/v2\/pages"}],"about":[{"href":"https:\/\/kluender-nortorf.de\/index.php?rest_route=\/wp\/v2\/types\/page"}],"author":[{"embeddable":true,"href":"https:\/\/kluender-nortorf.de\/index.php?rest_route=\/wp\/v2\/users\/1"}],"replies":[{"embeddable":true,"href":"https:\/\/kluender-nortorf.de\/index.php?rest_route=%2Fwp%2Fv2%2Fcomments&post=109"}],"version-history":[{"count":8,"href":"https:\/\/kluender-nortorf.de\/index.php?rest_route=\/wp\/v2\/pages\/109\/revisions"}],"predecessor-version":[{"id":147,"href":"https:\/\/kluender-nortorf.de\/index.php?rest_route=\/wp\/v2\/pages\/109\/revisions\/147"}],"wp:attachment":[{"href":"https:\/\/kluender-nortorf.de\/index.php?rest_route=%2Fwp%2Fv2%2Fmedia&parent=109"}],"curies":[{"name":"wp","href":"https:\/\/api.w.org\/{rel}","templated":true}]}}